{"id":394,"date":"2025-09-24T03:52:40","date_gmt":"2025-09-24T03:52:40","guid":{"rendered":"https:\/\/serdigital.net\/Impresion3DGranFormato\/?page_id=394"},"modified":"2025-10-05T02:15:42","modified_gmt":"2025-10-05T02:15:42","slug":"proyectos-especiales","status":"publish","type":"page","link":"https:\/\/serdigital.net\/Impresion3DGranFormato\/index.php\/proyectos-especiales\/","title":{"rendered":"Proyectos Especiales"},"content":{"rendered":"\t\t<div data-elementor-type=\"wp-page\" data-elementor-id=\"394\" class=\"elementor elementor-394\" data-elementor-post-type=\"page\">\n\t\t\t\t\t\t<section class=\"elementor-section elementor-top-section elementor-element elementor-element-dc931fd elementor-section-height-min-height elementor-section-boxed elementor-section-height-default elementor-section-items-middle\" data-id=\"dc931fd\" data-element_type=\"section\" data-e-type=\"section\" data-settings=\"{&quot;background_background&quot;:&quot;video&quot;,&quot;background_video_link&quot;:&quot;https:\\\/\\\/youtu.be\\\/hAkl1tSINos&quot;,&quot;background_play_on_mobile&quot;:&quot;yes&quot;}\">\n\t\t\t\t\t\t\t\t<div class=\"elementor-background-video-container\">\n\t\t\t\t\t\t\t\t\t\t\t\t\t<div class=\"elementor-background-video-embed\" role=\"presentation\"><\/div>\n\t\t\t\t\t\t\t\t\t\t\t\t<\/div>\n\t\t\t\t\t\t\t\t\t<div class=\"elementor-background-overlay\"><\/div>\n\t\t\t\t\t\t\t<div class=\"elementor-container elementor-column-gap-default\">\n\t\t\t\t\t<div class=\"elementor-column elementor-col-100 elementor-top-column elementor-element elementor-element-1d05bed\" data-id=\"1d05bed\" data-element_type=\"column\" data-e-type=\"column\">\n\t\t\t<div class=\"elementor-widget-wrap elementor-element-populated\">\n\t\t\t\t\t\t<div class=\"elementor-element elementor-element-a59b7cc elementor-widget elementor-widget-heading\" data-id=\"a59b7cc\" data-element_type=\"widget\" data-e-type=\"widget\" data-settings=\"{&quot;motion_fx_motion_fx_scrolling&quot;:&quot;yes&quot;,&quot;motion_fx_scale_effect&quot;:&quot;yes&quot;,&quot;motion_fx_scale_direction&quot;:&quot;out-in&quot;,&quot;motion_fx_scale_speed&quot;:{&quot;unit&quot;:&quot;px&quot;,&quot;size&quot;:4,&quot;sizes&quot;:[]},&quot;motion_fx_scale_range&quot;:{&quot;unit&quot;:&quot;%&quot;,&quot;size&quot;:&quot;&quot;,&quot;sizes&quot;:{&quot;start&quot;:20,&quot;end&quot;:80}},&quot;motion_fx_devices&quot;:[&quot;desktop&quot;,&quot;tablet&quot;,&quot;mobile&quot;]}\" data-widget_type=\"heading.default\">\n\t\t\t\t\t<h2 class=\"elementor-heading-title elementor-size-default\">Proyectos Especiales<\/h2>\t\t\t\t<\/div>\n\t\t\t\t<div class=\"elementor-element elementor-element-98eede4 elementor-widget elementor-widget-heading\" data-id=\"98eede4\" data-element_type=\"widget\" data-e-type=\"widget\" data-settings=\"{&quot;motion_fx_motion_fx_scrolling&quot;:&quot;yes&quot;,&quot;motion_fx_scale_effect&quot;:&quot;yes&quot;,&quot;motion_fx_scale_direction&quot;:&quot;out-in&quot;,&quot;motion_fx_scale_speed&quot;:{&quot;unit&quot;:&quot;px&quot;,&quot;size&quot;:4,&quot;sizes&quot;:[]},&quot;motion_fx_scale_range&quot;:{&quot;unit&quot;:&quot;%&quot;,&quot;size&quot;:&quot;&quot;,&quot;sizes&quot;:{&quot;start&quot;:20,&quot;end&quot;:80}},&quot;motion_fx_devices&quot;:[&quot;desktop&quot;,&quot;tablet&quot;,&quot;mobile&quot;]}\" data-widget_type=\"heading.default\">\n\t\t\t\t\t<h2 class=\"elementor-heading-title elementor-size-default\">\n<\/h2>\t\t\t\t<\/div>\n\t\t\t\t\t<\/div>\n\t\t<\/div>\n\t\t\t\t\t<\/div>\n\t\t<\/section>\n\t\t<div class=\"elementor-element elementor-element-52eecc3 e-flex e-con-boxed e-con e-parent\" data-id=\"52eecc3\" data-element_type=\"container\" data-e-type=\"container\">\n\t\t\t\t\t<div class=\"e-con-inner\">\n\t\t\t\t<div class=\"elementor-element elementor-element-5e7e0f0 elementor-view-stacked elementor-shape-circle elementor-widget elementor-widget-icon\" data-id=\"5e7e0f0\" data-element_type=\"widget\" data-e-type=\"widget\" data-widget_type=\"icon.default\">\n\t\t\t\t\t\t\t<div class=\"elementor-icon-wrapper\">\n\t\t\t<div class=\"elementor-icon\">\n\t\t\t<svg aria-hidden=\"true\" class=\"e-font-icon-svg e-far-edit\" viewBox=\"0 0 576 512\" xmlns=\"http:\/\/www.w3.org\/2000\/svg\"><path d=\"M402.3 344.9l32-32c5-5 13.7-1.5 13.7 5.7V464c0 26.5-21.5 48-48 48H48c-26.5 0-48-21.5-48-48V112c0-26.5 21.5-48 48-48h273.5c7.1 0 10.7 8.6 5.7 13.7l-32 32c-1.5 1.5-3.5 2.3-5.7 2.3H48v352h352V350.5c0-2.1.8-4.1 2.3-5.6zm156.6-201.8L296.3 405.7l-90.4 10c-26.2 2.9-48.5-19.2-45.6-45.6l10-90.4L432.9 17.1c22.9-22.9 59.9-22.9 82.7 0l43.2 43.2c22.9 22.9 22.9 60 .1 82.8zM460.1 174L402 115.9 216.2 301.8l-7.3 65.3 65.3-7.3L460.1 174zm64.8-79.7l-43.2-43.2c-4.1-4.1-10.8-4.1-14.8 0L436 82l58.1 58.1 30.9-30.9c4-4.2 4-10.8-.1-14.9z\"><\/path><\/svg>\t\t\t<\/div>\n\t\t<\/div>\n\t\t\t\t\t\t<\/div>\n\t\t\t\t\t<\/div>\n\t\t\t\t<\/div>\n\t\t<div class=\"elementor-element elementor-element-802b1a7 e-flex e-con-boxed e-con e-parent\" data-id=\"802b1a7\" data-element_type=\"container\" data-e-type=\"container\">\n\t\t\t\t\t<div class=\"e-con-inner\">\n\t\t\t\t<div class=\"elementor-element elementor-element-3c3555a elementor-widget elementor-widget-text-editor\" data-id=\"3c3555a\" data-element_type=\"widget\" data-e-type=\"widget\" data-widget_type=\"text-editor.default\">\n\t\t\t\t\t\t\t\t\t<p>Realizamos una completa asesor\u00eda para proyectos especiales en diferentes \u00e1reas y especialidades.<\/p>\t\t\t\t\t\t\t\t<\/div>\n\t\t\t\t\t<\/div>\n\t\t\t\t<\/div>\n\t\t<div class=\"elementor-element elementor-element-97f6255 e-flex e-con-boxed e-con e-parent\" data-id=\"97f6255\" data-element_type=\"container\" data-e-type=\"container\">\n\t\t\t\t\t<div class=\"e-con-inner\">\n\t\t<div class=\"elementor-element elementor-element-8d1d836 e-con-full e-flex e-con e-child\" data-id=\"8d1d836\" data-element_type=\"container\" data-e-type=\"container\">\n\t\t\t\t<div class=\"elementor-element elementor-element-c377d93 elementor-widget elementor-widget-text-editor\" data-id=\"c377d93\" data-element_type=\"widget\" data-e-type=\"widget\" data-widget_type=\"text-editor.default\">\n\t\t\t\t\t\t\t\t\t<p>-Arte.<\/p><p>-Vitrinismo.<\/p><p>-Arquitectura.<\/p><p>-Publicidad.<\/p><p>-Mobiliario.<\/p><p>-Interiorismo.<\/p>\t\t\t\t\t\t\t\t<\/div>\n\t\t\t\t<\/div>\n\t\t<div class=\"elementor-element elementor-element-54f2ee9 e-con-full e-flex e-con e-child\" data-id=\"54f2ee9\" data-element_type=\"container\" data-e-type=\"container\">\n\t\t\t\t<div class=\"elementor-element elementor-element-f6454e0 elementor-widget elementor-widget-text-editor\" data-id=\"f6454e0\" data-element_type=\"widget\" data-e-type=\"widget\" data-widget_type=\"text-editor.default\">\n\t\t\t\t\t\t\t\t\t<p>-Asesor\u00eda.<\/p><p>-Dise\u00f1o industrial.<\/p><p>-Prototipos.<\/p><p>-Publicidad.<\/p><p>-Modelado 3D.<\/p><p>-Impresi\u00f3n 3D<\/p>\t\t\t\t\t\t\t\t<\/div>\n\t\t\t\t<\/div>\n\t\t\t\t\t<\/div>\n\t\t\t\t<\/div>\n\t\t<div class=\"elementor-element elementor-element-52189f9 e-flex e-con-boxed e-con e-parent\" data-id=\"52189f9\" data-element_type=\"container\" data-e-type=\"container\">\n\t\t\t\t\t<div class=\"e-con-inner\">\n\t\t<div class=\"elementor-element elementor-element-fc7507d e-con-full e-flex e-con e-child\" data-id=\"fc7507d\" data-element_type=\"container\" data-e-type=\"container\">\n\t\t\t\t<div class=\"elementor-element elementor-element-ca1c3eb elementor-widget elementor-widget-image\" data-id=\"ca1c3eb\" data-element_type=\"widget\" data-e-type=\"widget\" data-widget_type=\"image.default\">\n\t\t\t\t\t\t\t\t\t\t\t\t\t\t\t<img fetchpriority=\"high\" decoding=\"async\" width=\"800\" height=\"600\" src=\"https:\/\/serdigital.net\/Impresion3DGranFormato\/wp-content\/uploads\/2025\/09\/caballo.webp\" class=\"attachment-large size-large wp-image-929\" alt=\"\" srcset=\"https:\/\/serdigital.net\/Impresion3DGranFormato\/wp-content\/uploads\/2025\/09\/caballo.webp 800w, https:\/\/serdigital.net\/Impresion3DGranFormato\/wp-content\/uploads\/2025\/09\/caballo-300x225.webp 300w, https:\/\/serdigital.net\/Impresion3DGranFormato\/wp-content\/uploads\/2025\/09\/caballo-768x576.webp 768w, https:\/\/serdigital.net\/Impresion3DGranFormato\/wp-content\/uploads\/2025\/09\/caballo-600x450.webp 600w\" sizes=\"(max-width: 800px) 100vw, 800px\" \/>\t\t\t\t\t\t\t\t\t\t\t\t\t\t\t<\/div>\n\t\t\t\t<\/div>\n\t\t<div class=\"elementor-element elementor-element-706881b e-con-full e-flex e-con e-child\" data-id=\"706881b\" data-element_type=\"container\" data-e-type=\"container\">\n\t\t\t\t<div class=\"elementor-element elementor-element-123b0a9 elementor-widget elementor-widget-image\" data-id=\"123b0a9\" data-element_type=\"widget\" data-e-type=\"widget\" data-widget_type=\"image.default\">\n\t\t\t\t\t\t\t\t\t\t\t\t\t\t\t<img decoding=\"async\" width=\"800\" height=\"600\" src=\"https:\/\/serdigital.net\/Impresion3DGranFormato\/wp-content\/uploads\/2025\/09\/interiorismo.webp\" class=\"attachment-large size-large wp-image-933\" alt=\"\" srcset=\"https:\/\/serdigital.net\/Impresion3DGranFormato\/wp-content\/uploads\/2025\/09\/interiorismo.webp 800w, https:\/\/serdigital.net\/Impresion3DGranFormato\/wp-content\/uploads\/2025\/09\/interiorismo-300x225.webp 300w, https:\/\/serdigital.net\/Impresion3DGranFormato\/wp-content\/uploads\/2025\/09\/interiorismo-768x576.webp 768w, https:\/\/serdigital.net\/Impresion3DGranFormato\/wp-content\/uploads\/2025\/09\/interiorismo-600x450.webp 600w\" sizes=\"(max-width: 800px) 100vw, 800px\" \/>\t\t\t\t\t\t\t\t\t\t\t\t\t\t\t<\/div>\n\t\t\t\t<\/div>\n\t\t\t\t\t<\/div>\n\t\t\t\t<\/div>\n\t\t<div class=\"elementor-element elementor-element-a332608 e-flex e-con-boxed e-con e-parent\" data-id=\"a332608\" data-element_type=\"container\" data-e-type=\"container\">\n\t\t\t\t\t<div class=\"e-con-inner\">\n\t\t<div class=\"elementor-element elementor-element-3e28c74 e-con-full e-flex e-con e-child\" data-id=\"3e28c74\" data-element_type=\"container\" data-e-type=\"container\">\n\t\t\t\t<div class=\"elementor-element elementor-element-be8bc64 elementor-widget elementor-widget-image\" data-id=\"be8bc64\" data-element_type=\"widget\" data-e-type=\"widget\" data-widget_type=\"image.default\">\n\t\t\t\t\t\t\t\t\t\t\t\t\t\t\t<img decoding=\"async\" width=\"800\" height=\"600\" src=\"https:\/\/serdigital.net\/Impresion3DGranFormato\/wp-content\/uploads\/2025\/09\/caneza-3d.webp\" class=\"attachment-large size-large wp-image-940\" alt=\"\" srcset=\"https:\/\/serdigital.net\/Impresion3DGranFormato\/wp-content\/uploads\/2025\/09\/caneza-3d.webp 800w, https:\/\/serdigital.net\/Impresion3DGranFormato\/wp-content\/uploads\/2025\/09\/caneza-3d-300x225.webp 300w, https:\/\/serdigital.net\/Impresion3DGranFormato\/wp-content\/uploads\/2025\/09\/caneza-3d-768x576.webp 768w, https:\/\/serdigital.net\/Impresion3DGranFormato\/wp-content\/uploads\/2025\/09\/caneza-3d-600x450.webp 600w\" sizes=\"(max-width: 800px) 100vw, 800px\" \/>\t\t\t\t\t\t\t\t\t\t\t\t\t\t\t<\/div>\n\t\t\t\t<\/div>\n\t\t<div class=\"elementor-element elementor-element-c661568 e-con-full e-flex e-con e-child\" data-id=\"c661568\" data-element_type=\"container\" data-e-type=\"container\">\n\t\t\t\t<div class=\"elementor-element elementor-element-e2ef5d3 elementor-widget elementor-widget-image\" data-id=\"e2ef5d3\" data-element_type=\"widget\" data-e-type=\"widget\" data-widget_type=\"image.default\">\n\t\t\t\t\t\t\t\t\t\t\t\t\t\t\t<img loading=\"lazy\" decoding=\"async\" width=\"800\" height=\"600\" src=\"https:\/\/serdigital.net\/Impresion3DGranFormato\/wp-content\/uploads\/2025\/09\/mesa.webp\" class=\"attachment-large size-large wp-image-944\" alt=\"\" srcset=\"https:\/\/serdigital.net\/Impresion3DGranFormato\/wp-content\/uploads\/2025\/09\/mesa.webp 800w, https:\/\/serdigital.net\/Impresion3DGranFormato\/wp-content\/uploads\/2025\/09\/mesa-300x225.webp 300w, https:\/\/serdigital.net\/Impresion3DGranFormato\/wp-content\/uploads\/2025\/09\/mesa-768x576.webp 768w, https:\/\/serdigital.net\/Impresion3DGranFormato\/wp-content\/uploads\/2025\/09\/mesa-600x450.webp 600w\" sizes=\"(max-width: 800px) 100vw, 800px\" \/>\t\t\t\t\t\t\t\t\t\t\t\t\t\t\t<\/div>\n\t\t\t\t<\/div>\n\t\t\t\t\t<\/div>\n\t\t\t\t<\/div>\n\t\t<div class=\"elementor-element elementor-element-0b258dc e-flex e-con-boxed e-con e-parent\" data-id=\"0b258dc\" data-element_type=\"container\" data-e-type=\"container\">\n\t\t\t\t\t<div class=\"e-con-inner\">\n\t\t\t\t<div class=\"elementor-element elementor-element-7e343eb elementor-align-center elementor-widget elementor-widget-button\" data-id=\"7e343eb\" data-element_type=\"widget\" data-e-type=\"widget\" data-widget_type=\"button.default\">\n\t\t\t\t\t\t\t\t\t\t<a class=\"elementor-button elementor-button-link elementor-size-sm\" href=\"https:\/\/serdigital.net\/Impresion3DGranFormato\/index.php\/contactanos\/\">\n\t\t\t\t\t\t<span class=\"elementor-button-content-wrapper\">\n\t\t\t\t\t\t<span class=\"elementor-button-icon\">\n\t\t\t\t<svg aria-hidden=\"true\" class=\"e-font-icon-svg e-far-arrow-alt-circle-right\" viewBox=\"0 0 512 512\" xmlns=\"http:\/\/www.w3.org\/2000\/svg\"><path d=\"M504 256C504 119 393 8 256 8S8 119 8 256s111 248 248 248 248-111 248-248zm-448 0c0-110.5 89.5-200 200-200s200 89.5 200 200-89.5 200-200 200S56 366.5 56 256zm72 20v-40c0-6.6 5.4-12 12-12h116v-67c0-10.7 12.9-16 20.5-8.5l99 99c4.7 4.7 4.7 12.3 0 17l-99 99c-7.6 7.6-20.5 2.2-20.5-8.5v-67H140c-6.6 0-12-5.4-12-12z\"><\/path><\/svg>\t\t\t<\/span>\n\t\t\t\t\t\t\t\t\t<span class=\"elementor-button-text\">Cont\u00e1ctanos<\/span>\n\t\t\t\t\t<\/span>\n\t\t\t\t\t<\/a>\n\t\t\t\t\t\t\t\t<\/div>\n\t\t\t\t\t<\/div>\n\t\t\t\t<\/div>\n\t\t<div class=\"elementor-element elementor-element-c9256d9 e-flex e-con-boxed e-con e-parent\" data-id=\"c9256d9\" data-element_type=\"container\" data-e-type=\"container\">\n\t\t\t\t\t<div class=\"e-con-inner\">\n\t\t\t\t<div class=\"elementor-element elementor-element-39629a6 elementor-widget elementor-widget-spacer\" data-id=\"39629a6\" data-element_type=\"widget\" data-e-type=\"widget\" data-widget_type=\"spacer.default\">\n\t\t\t\t\t\t\t<div class=\"elementor-spacer\">\n\t\t\t<div class=\"elementor-spacer-inner\"><\/div>\n\t\t<\/div>\n\t\t\t\t\t\t<\/div>\n\t\t\t\t\t<\/div>\n\t\t\t\t<\/div>\n\t\t\t\t<\/div>\n\t\t","protected":false},"excerpt":{"rendered":"<p>Proyectos Especiales Realizamos una completa asesor\u00eda para proyectos especiales en diferentes \u00e1reas y especialidades. -Arte. -Vitrinismo. -Arquitectura. -Publicidad. -Mobiliario. -Interiorismo. -Asesor\u00eda. -Dise\u00f1o industrial. -Prototipos. -Publicidad. -Modelado 3D. -Impresi\u00f3n 3D Cont\u00e1ctanos<\/p>\n","protected":false},"author":1,"featured_media":0,"parent":0,"menu_order":0,"comment_status":"closed","ping_status":"closed","template":"","meta":{"footnotes":""},"class_list":["post-394","page","type-page","status-publish","hentry"],"_links":{"self":[{"href":"https:\/\/serdigital.net\/Impresion3DGranFormato\/index.php\/wp-json\/wp\/v2\/pages\/394","targetHints":{"allow":["GET"]}}],"collection":[{"href":"https:\/\/serdigital.net\/Impresion3DGranFormato\/index.php\/wp-json\/wp\/v2\/pages"}],"about":[{"href":"https:\/\/serdigital.net\/Impresion3DGranFormato\/index.php\/wp-json\/wp\/v2\/types\/page"}],"author":[{"embeddable":true,"href":"https:\/\/serdigital.net\/Impresion3DGranFormato\/index.php\/wp-json\/wp\/v2\/users\/1"}],"replies":[{"embeddable":true,"href":"https:\/\/serdigital.net\/Impresion3DGranFormato\/index.php\/wp-json\/wp\/v2\/comments?post=394"}],"version-history":[{"count":76,"href":"https:\/\/serdigital.net\/Impresion3DGranFormato\/index.php\/wp-json\/wp\/v2\/pages\/394\/revisions"}],"predecessor-version":[{"id":1281,"href":"https:\/\/serdigital.net\/Impresion3DGranFormato\/index.php\/wp-json\/wp\/v2\/pages\/394\/revisions\/1281"}],"wp:attachment":[{"href":"https:\/\/serdigital.net\/Impresion3DGranFormato\/index.php\/wp-json\/wp\/v2\/media?parent=394"}],"curies":[{"name":"wp","href":"https:\/\/api.w.org\/{rel}","templated":true}]}}